{"id":3439,"date":"2024-04-12T10:39:09","date_gmt":"2024-04-12T16:39:09","guid":{"rendered":"https:\/\/albany.vitalsmilesga.com\/?page_id=3439"},"modified":"2024-08-06T13:32:17","modified_gmt":"2024-08-06T19:32:17","slug":"pacifiers","status":"publish","type":"page","link":"https:\/\/albany.vitalsmilesga.com\/es\/services\/infant-toddler-dentistry\/pacifiers\/","title":{"rendered":"Chupetes"},"content":{"rendered":"<h2>Chupetes en Albany, GA<\/h2>\n<p>Incluso antes de nacer, los beb\u00e9s se chupan los pulgares y los dedos. Chupar es una actividad calmante natural para los beb\u00e9s. Darle un chupete es una soluci\u00f3n r\u00e1pida y tranquilizadora para su intranquilidad sin necesidad de alimentarlo. Y una ventaja m\u00e1s: acostar a un beb\u00e9 con chupete puede incluso reducir a la mitad el <a href=\"https:\/\/pubmed.ncbi.nlm.nih.gov\/16216900\/\" target=\"_blank\" rel=\"noopener\">riesgo de s\u00edndrome de muerte s\u00fabita del lactante<\/a> (SMSL).<\/p>\n<blockquote>\n<h5><em><img loading=\"lazy\" decoding=\"async\" class=\"alignnone wp-image-3764\" src=\"https:\/\/albany.vitalsmilesga.com\/wp-content\/uploads\/2024\/07\/lightbulb.png\" alt=\"\" width=\"35\" height=\"35\" srcset=\"https:\/\/albany.vitalsmilesga.com\/wp-content\/uploads\/2024\/07\/lightbulb.png 64w, https:\/\/albany.vitalsmilesga.com\/wp-content\/uploads\/2024\/07\/lightbulb-12x12.png 12w\" sizes=\"(max-width: 35px) 100vw, 35px\" \/>\u00bfSAB\u00cdAS QU\u00c9?<\/em><\/h5>\n<p> Se tiene constancia de que los chupetes se utilizaron por primera vez en 1473.<\/em><\/p><\/blockquote>\n<p>Es importante que los padres sepan que elegir el tipo de chupete adecuado y vigilar su uso puede influir significativamente en la salud dental de tu hijo. Su uso prolongado puede provocar futuros problemas de ortodoncia. \u00bfC\u00f3mo puedes encontrar el mejor chupete para tu beb\u00e9? \u00bfQu\u00e9 medidas puedes tomar si tu beb\u00e9 no acepta el chupete? En esta p\u00e1gina te ayudamos a resolver estas preguntas y otras m\u00e1s.<\/p>\n<h2>Preguntas y respuestas sobre los chupetes para beb\u00e9s<\/h2>\n<p>Parte de nuestro papel como colaboradores en la salud bucodental y el desarrollo de tu peque\u00f1o consiste en ense\u00f1arte temas relacionados con la odontolog\u00eda. Los chupetes son uno de esos temas.<\/p>\n<h3>\u00bfQu\u00e9 tipo de chupete es mejor para la futura salud bucodental de mi beb\u00e9?<\/h3>\n<p>Si le das biber\u00f3n, es posible que la empresa que fabrica las tetinas de los biberones tambi\u00e9n fabrique chupetes. Si es as\u00ed, la mejor opci\u00f3n puede ser utilizar un chupete con una forma similar a la de las tetinas de los biberones. De lo contrario, compra un chupete que sea\/tenga:<\/p>\n<ul>\n<li>De una sola pieza<\/li>\n<li>Hecho de silicona de grado m\u00e9dico<\/li>\n<li>Libre de PVC, BPA y ftalatos<\/li>\n<li>Un borde m\u00e1s grande que la boca de tu beb\u00e9<\/li>\n<li>Adecuado para la edad<\/li>\n<\/ul>\n<h3>\u00bfY si mi hijo rechaza el chupete, pero necesita algo para calmarse?<\/h3>\n<p>A algunos beb\u00e9s no les atraen los chupetes. Pueden preferir sus propias manos, dedos o pulgares a un chupete, y eso est\u00e1 bien. Es conveniente.<\/p>\n<p>Si tu beb\u00e9 escupe el chupete, puedes utilizar otras t\u00e9cnicas para calmarlo:<\/p>\n<ul>\n<li>Envolver al beb\u00e9: Esta t\u00e9cnica se conoce como swaddling y consiste en envolver bien una manta y solo dejar expuesta la cabeza del beb\u00e9. Esta t\u00e9cnica relajante es un truco sencillo que puedes utilizar f\u00e1cilmente en casa y en las salidas.<\/li>\n<li>Mecer al beb\u00e9: Una mecedora o un balanc\u00edn son herramientas c\u00f3modas para mecer al beb\u00e9. Algunos padres utilizan una mecedora mecanizada, pasean con un cochecito o llevan al beb\u00e9 a dar un paseo en coche. Si nada de esto funciona, prueba a poner el portabeb\u00e9s, con el beb\u00e9 atado, encima de la secadora de ropa y a encenderla. El movimiento y el sonido pueden, en algunos casos, calmar a un beb\u00e9 inquieto.<\/li>\n<li>Objeto de apego: Los beb\u00e9s suelen sentirse atra\u00eddos por un juguete, manta o peluche en particular m\u00e1s que por otros. El objeto de apego puede convertirse en una fuente de consuelo, ayud\u00e1ndolos a calmarse cuando est\u00e1n inquietos. Un objeto de apego tambi\u00e9n puede facilitar las transiciones, como pasar al beb\u00e9 de sus brazos a la cama.<\/li>\n<\/ul>\n<h3>\u00bfA qu\u00e9 edad debe empezar a usar chupete un beb\u00e9?<\/h3>\n<p>Los beb\u00e9s lactantes no deben usar chupete hasta las tres o cuatro semanas de vida. Los beb\u00e9s alimentados con biber\u00f3n pueden empezar a usar chupete justo despu\u00e9s de nacer.<\/p>\n<h3>\u00bfA qu\u00e9 edad debe dejar de usar chupete un ni\u00f1o?<\/h3>\n<p>Lo ideal es que el beb\u00e9 deje se utilizar el chupete entre los seis meses y el a\u00f1o de edad. Sin embargo, muchos ni\u00f1os peque\u00f1os usan chupete hasta los tres a\u00f1os. Si notas problemas de habla o que los dientes delanteros se desplazan hacia fuera, es hora de que tu peque\u00f1o deje de utilizar el chupete. Habla con nuestro dentista infantil sobre el mejor momento para poner fin al uso del chupete con tu hijo.<\/p>\n<h3>\u00bfQu\u00e9 puedo hacer para que mi hijo deje el chupete?<\/h3>\n<p>Dejar el biber\u00f3n, el pecho o el chupete puede ser dif\u00edcil. Cuanto m\u00e1s tiempo lleve tu peque\u00f1o usando chupete, m\u00e1s dif\u00edcil ser\u00e1 el reto. Cuando tu beb\u00e9 quiera el chupete, utiliza m\u00e9todos alternativos para consolarlo, como mecerlo o darle objetos de apego. Los padres deben ser constantes, pacientes y cari\u00f1osos durante el proceso de destete. Lleva tiempo y mucho compromiso.<\/p>\n<h3>\u00bfC\u00f3mo debo limpiar los chupetes?<\/h3>\n<p>Lava los chupetes con agua tibia y jab\u00f3n y acl\u00e1ralos bien. Tambi\u00e9n puedes esterilizar los chupetes con las tetinas de biber\u00f3n. Aseg\u00farate de tirar un chupete si observas desgaste o defectos.<\/p>\n<h2>Tus socios en la salud bucodental infantil en Albany<\/h2>\n<p>Si despu\u00e9s de leer sobre los chupetes sigues teniendo preguntas, \u00a1genial! Ll\u00e1manos o pregunta y comparte tus dudas cuando traigas al beb\u00e9 a la consulta. Recuerda programar una revisi\u00f3n bucal para tu beb\u00e9 despu\u00e9s de la erupci\u00f3n del primer diente. Identificaremos cualquier problema de desarrollo oral, incluyendo si es el momento de dejar de usar el chupete, y te prepararemos para cuidar de la salud oral de tu peque\u00f1o en casa.<\/p>","protected":false},"excerpt":{"rendered":"<p>Los chupetes, cuando se usan correctamente, pueden calmar eficazmente a los ni\u00f1os m\u00e1s peque\u00f1os. Sin embargo, su uso prolongado puede provocar problemas dentales en etapas posteriores de la vida.  <\/p>","protected":false},"author":2,"featured_media":3441,"parent":3402,"menu_order":0,"comment_status":"closed","ping_status":"closed","template":"","meta":{"_et_pb_use_builder":"","_et_pb_old_content":"","_et_gb_content_width":"","_monsterinsights_skip_tracking":false,"_monsterinsights_sitenote_active":false,"_monsterinsights_sitenote_note":"","_monsterinsights_sitenote_category":0,"footnotes":""},"class_list":["post-3439","page","type-page","status-publish","has-post-thumbnail","hentry"],"aioseo_notices":[],"_links":{"self":[{"href":"https:\/\/albany.vitalsmilesga.com\/es\/wp-json\/wp\/v2\/pages\/3439","targetHints":{"allow":["GET"]}}],"collection":[{"href":"https:\/\/albany.vitalsmilesga.com\/es\/wp-json\/wp\/v2\/pages"}],"about":[{"href":"https:\/\/albany.vitalsmilesga.com\/es\/wp-json\/wp\/v2\/types\/page"}],"author":[{"embeddable":true,"href":"https:\/\/albany.vitalsmilesga.com\/es\/wp-json\/wp\/v2\/users\/2"}],"replies":[{"embeddable":true,"href":"https:\/\/albany.vitalsmilesga.com\/es\/wp-json\/wp\/v2\/comments?post=3439"}],"version-history":[{"count":0,"href":"https:\/\/albany.vitalsmilesga.com\/es\/wp-json\/wp\/v2\/pages\/3439\/revisions"}],"up":[{"embeddable":true,"href":"https:\/\/albany.vitalsmilesga.com\/es\/wp-json\/wp\/v2\/pages\/3402"}],"wp:featuredmedia":[{"embeddable":true,"href":"https:\/\/albany.vitalsmilesga.com\/es\/wp-json\/wp\/v2\/media\/3441"}],"wp:attachment":[{"href":"https:\/\/albany.vitalsmilesga.com\/es\/wp-json\/wp\/v2\/media?parent=3439"}],"curies":[{"name":"wp","href":"https:\/\/api.w.org\/{rel}","templated":true}]}}